{"id":77,"date":"2015-12-05T11:16:49","date_gmt":"2015-12-05T10:16:49","guid":{"rendered":"https:\/\/www.cloemcvi.il.pw.edu.pl\/?page_id=77"},"modified":"2025-08-26T12:20:55","modified_gmt":"2025-08-26T10:20:55","slug":"do-pobrania","status":"publish","type":"page","link":"https:\/\/www.cloemcvi.il.pw.edu.pl\/?page_id=77&lang=pl","title":{"rendered":"Do pobrania"},"content":{"rendered":"<p><strong>Rezultaty CLOEMC VI:<\/strong><\/p>\n<p>WP3 &#8211; Konspekty w j\u0119zyku angielskim oraz Podr\u0119czniki WP4-WP10 w j\u0119zykach: angielskim, polskim, niemieckim, w\u0142oskim, tureckim, islandzkim.<\/p>\n<p><code>\n<style id=\"kama-click-counter-shortcode\">.kcc_block{ position:relative; padding:1em 0 2em; transition:background-color 0.4s; cursor:pointer; }\r\n.kcc_block img{ float:left; width:2.1em; height:auto; margin:0; border:0px !important; box-shadow:none !important; }\r\n.kcc_block .kcc_info_wrap{ padding-left:1em; margin-left:2.1em; }\r\n.kcc_block a{ border-bottom:0; }\r\n.kcc_block a.kcc_link{ text-decoration:none; display:block; font-size:150%; line-height:1.2; }\r\n.kcc_block .kcc_desc{ color:#666; }\r\n.kcc_block .kcc_info{ font-size:80%; color:#aaa; }\r\n.kcc_block:hover a{ text-decoration:none !important; }\r\n.kcc_block .kcc-edit-link{ position:absolute; top:0; right:.2em; }\r\n.kcc_block:after{ content:&quot;&quot;; display:table; clear:both; }<\/style>\n<div class=\"kcc_block\" title=\"Link:\">\r\n\t<img decoding=\"async\" class=\"alignleft\" src=\"https:\/\/www.cloemcvi.il.pw.edu.pl\/wp-content\/plugins\/kama-clic-counter\/assets\/icons\/default.png\" alt=\"\" \/>\r\n\r\n\t<div class=\"kcc_info_wrap\">\r\n\t\t<a class=\"kcc_link\" href=\"https:\/\/www.cloemcvi.il.pw.edu.pl?download=1&#038;kccpid=77&#038;kcccount=https:\/\/chmura.il.pw.edu.pl\/index.php\/s\/Ajxc833pfiXLfrn\" title=\"chmura.il.pw.edu.pl\/index.php\/s\/Ajxc833pfiXLfrn\">Link: Rezultaty CLOEMC VI<\/a>\r\n\t\t<div class=\"kcc_desc\"><\/div>\r\n\t\t<div class=\"kcc_info\">Link clicks: 120<\/div>\r\n\t<\/div>\r\n\t\r\n<\/div><\/code><\/p>\n<p><img decoding=\"async\" src=\"https:\/\/www.cloemcvi.il.pw.edu.pl\/wp-content\/uploads\/2025\/08\/CLOEMC-VI-manuals-2025-scaled.jpg\"><\/p>\n<p>&nbsp;<\/p>\n<p><strong>REZULTATY POPRZEDNICH PROJEKT\u00d3W:<\/strong><\/p>\n<p><a href=\"https:\/\/www.cloemcv.il.pw.edu.pl\/?page_id=77&amp;lang=pl\">Podr\u0119czniki CLOEMC V.<\/a><\/p>\n<p><a href=\"https:\/\/chmura.il.pw.edu.pl\/index.php\/s\/ruzzanAsCQxYhdg\" target=\"_blank\" rel=\"noopener noreferrer\">Podr\u0119czniki CLOEMC IV.<\/a><\/p>\n<p><a href=\"https:\/\/chmura.il.pw.edu.pl\/index.php\/s\/dcM0sils3tCd5GY\" target=\"_blank\" rel=\"noopener noreferrer\">Podr\u0119czniki CLOEMC I-III.<\/a><\/p>\n<p>&nbsp;<\/p>\n","protected":false},"excerpt":{"rendered":"<p>Rezultaty CLOEMC VI: WP3 &#8211; Konspekty w j\u0119zyku angielskim oraz Podr\u0119czniki WP4-WP10 w j\u0119zykach: angielskim, polskim, niemieckim, w\u0142oskim, tureckim, islandzkim. &nbsp; REZULTATY POPRZEDNICH PROJEKT\u00d3W: Podr\u0119czniki CLOEMC V. Podr\u0119czniki CLOEMC IV. Podr\u0119czniki CLOEMC I-III. &nbsp;<\/p>\n","protected":false},"author":1,"featured_media":0,"parent":0,"menu_order":0,"comment_status":"closed","ping_status":"closed","template":"","meta":{"ngg_post_thumbnail":0,"footnotes":""},"class_list":["post-77","page","type-page","status-publish","hentry"],"_links":{"self":[{"href":"https:\/\/www.cloemcvi.il.pw.edu.pl\/index.php?rest_route=\/wp\/v2\/pages\/77","targetHints":{"allow":["GET"]}}],"collection":[{"href":"https:\/\/www.cloemcvi.il.pw.edu.pl\/index.php?rest_route=\/wp\/v2\/pages"}],"about":[{"href":"https:\/\/www.cloemcvi.il.pw.edu.pl\/index.php?rest_route=\/wp\/v2\/types\/page"}],"author":[{"embeddable":true,"href":"https:\/\/www.cloemcvi.il.pw.edu.pl\/index.php?rest_route=\/wp\/v2\/users\/1"}],"replies":[{"embeddable":true,"href":"https:\/\/www.cloemcvi.il.pw.edu.pl\/index.php?rest_route=%2Fwp%2Fv2%2Fcomments&post=77"}],"version-history":[{"count":17,"href":"https:\/\/www.cloemcvi.il.pw.edu.pl\/index.php?rest_route=\/wp\/v2\/pages\/77\/revisions"}],"predecessor-version":[{"id":1845,"href":"https:\/\/www.cloemcvi.il.pw.edu.pl\/index.php?rest_route=\/wp\/v2\/pages\/77\/revisions\/1845"}],"wp:attachment":[{"href":"https:\/\/www.cloemcvi.il.pw.edu.pl\/index.php?rest_route=%2Fwp%2Fv2%2Fmedia&parent=77"}],"curies":[{"name":"wp","href":"https:\/\/api.w.org\/{rel}","templated":true}]}}