{"id":116,"date":"2015-12-05T12:27:41","date_gmt":"2015-12-05T11:27:41","guid":{"rendered":"https:\/\/www.cloemcvi.il.pw.edu.pl\/?page_id=116"},"modified":"2025-07-24T12:01:09","modified_gmt":"2025-07-24T10:01:09","slug":"biblioteka-menedzera-budowlanego-2","status":"publish","type":"page","link":"https:\/\/www.cloemcvi.il.pw.edu.pl\/?page_id=116&lang=pl","title":{"rendered":"Biblioteka Mened\u017cera Budowlanego"},"content":{"rendered":"<p>Projekt CLOEMC VI uzupe\u0142nia poprzednie projekty CLOEMC, podczas kt\u00f3rych powsta\u0142y 32 podr\u0119czniki w kilku j\u0119zykach. Poni\u017cej wypisano tytu\u0142y istniej\u0105cych podr\u0119cznik\u00f3w Biblioteki Mened\u017cera Budowlanego oraz udost\u0119pniono linki do stron internetowych powi\u0105zanych z nimi projekt\u00f3w:<\/p>\n<p>&nbsp;<\/p>\n<p><a href=\"https:\/\/chmura.il.pw.edu.pl\/index.php\/s\/dcM0sils3tCd5GY\" target=\"_blank\" rel=\"noopener noreferrer\"><strong>CLOEMC I<\/strong>:<\/a><\/p>\n<p>M1 \u2013 ZARZ\u0104DZANIE PROJEKTEM BUDOWLANYM;<\/p>\n<p>M2 \u2013 PARTNERSTWO W BUDOWNICTWIE;<\/p>\n<p>M3 \u2013 ZARZ\u0104DZANIE W PRZEDSI\u0118BIORSTWIE BUDOWLANYM;<\/p>\n<p>M4 \u2013 ZARZ\u0104DZANIE ZASOBAMI LUDZKIMI W BUDOWNICTWIE;<\/p>\n<p>M5 \u2013 ZARZ\u0104DZANIE NIERUCHOMO\u015aCIAMI;<\/p>\n<p>M6 \u2013 EKONOMIA I FINANSE W BUDOWNICTWIE;<\/p>\n<p>M7 \u2013 ZARZ\u0104DZANIE W BUDOWNICTWIE.<\/p>\n<p>&nbsp;<\/p>\n<p><strong><a href=\"https:\/\/chmura.il.pw.edu.pl\/index.php\/s\/dcM0sils3tCd5GY\" target=\"_blank\" rel=\"noopener noreferrer\">CLOEMC II:<\/a><\/strong><\/p>\n<p>M8 \u2013 ZARZ\u0104DZANIE RYZYKIEM W BUDOWNICTWIE;<\/p>\n<p>M9 \u2013 ZARZ\u0104DZANIE PROCESAMI BUDOWLANYMI \u2013 LEAN CONSTRUCTION;<\/p>\n<p>M10 \u2013 METODY KOMPUTEROWE W ZARZ\u0104DZANIU PROJEKTAMI BUDOWLANYMI;<\/p>\n<p>M11 \u2013 PROJEKTY PPP W BUDOWNICTWIE;<\/p>\n<p>M12 \u2013 ZARZ\u0104DZANIE WARTO\u1e61CI\u0104 W PRZEDSI\u0118WZI\u0118CIACH BUDOWLANYCH;<\/p>\n<p>M13 \u2013 CZYNNIKI SUKCESU PRZEDSI\u0118WZI\u0118\u0106 BUDOWLANYCH \u2013 STUDIUM PRZYPADK\u00d3W.<\/p>\n<p>&nbsp;<\/p>\n<p><strong><a href=\"https:\/\/chmura.il.pw.edu.pl\/index.php\/s\/dcM0sils3tCd5GY\" target=\"_blank\" rel=\"noopener noreferrer\">CLOEMC III:<\/a><\/strong><\/p>\n<p>M14 &#8211; DUE-DILIGENCE W BUDOWNICTWIE;<\/p>\n<p>M15 &#8211; MOTYWACJA I ASPEKTY PSYCHOLOGICZNE W BUDOWNICTWIE;<\/p>\n<p>M16 &#8211; PROFESJONALIZM I ETYKA W BUDOWNICTWIE;<\/p>\n<p>M17 &#8211; BUDOWNICTWO ZR\u00d3WNOWA\u017bONE;<\/p>\n<p>M18 &#8211; BEZPIECZE\u0143STWO I OCHRONA ZDROWIA W BUDOWNICTWIE;<\/p>\n<p>M19 &#8211; ZARZ\u0104DZANIE UTRZYMANIEM TECHNICZNYM I KONSERWACJ\u0104 BUDYNK\u00d3W.<\/p>\n<p>&nbsp;<\/p>\n<p><strong><a href=\"https:\/\/chmura.il.pw.edu.pl\/index.php\/s\/ruzzanAsCQxYhdg\" target=\"_blank\" rel=\"noopener noreferrer\">CLOEMC IV:<\/a><\/strong><\/p>\n<p>M20. REWITALIZACJA I REMONTY W BUDOWNICTWIE,<\/p>\n<p>M21. BUILDING INFORMATION MODELING \u2013 BIM,<\/p>\n<p>M22. OPTYMALIZACJA PROCES\u00d3W BUDOWLANYCH,<\/p>\n<p>M23. ZARZ\u0104DZANIE R\u00d3\u017bNORODNO\u015aCI\u0104 W BUDOWNICTWIE,<\/p>\n<p>M24. MECHANIKA MATERIA\u0141\u00d3W I KONSTRUKCJI DLA MENED\u017bER\u00d3W BUDOWLANYCH,<\/p>\n<p>M25. CSR \u2013 ODPOWIEDZIALNO\u015a\u0106 SOCJALNA PRZEDSI\u0118BIORSTW W BUDOWNICTWIE.<\/p>\n<p>&nbsp;<\/p>\n<p><strong><a href=\"https:\/\/www.cloemcv.il.pw.edu.pl\/?page_id=74&amp;lang=en\" target=\"_blank\" rel=\"noopener noreferrer\">CLOEMC V:<\/a><\/strong><\/p>\n<p>M26 \u2013 Mentoring i coaching w budownictwie<\/p>\n<p>M27 \u2013 Aspekty archeologiczne i ochrony dziedzictwa w budownictwie<\/p>\n<p>M28 \u2013 Prze\u0142omowe innowacje w zarz\u0105dzaniu budow\u0105<\/p>\n<p>M29 \u2013 Nowoczesna gospodarka o obiegu zamkni\u0119tym w budownictwie<\/p>\n<p>M30 \u2013 Przyst\u0119pne budownictwo mieszkaniowe<\/p>\n<p>M31 \u2013 Zr\u00f3wnowa\u017cony rozw\u00f3j spo\u0142eczny w budownictwie<\/p>\n<p>M32 \u2013 dodatkowy manual \u2013 Zarz\u0105dzanie kryzysowe. Epidemia Covid \u2013 19 w budownictwie<\/p>\n<p>&nbsp;<\/p>\n<p><a href=\"https:\/\/www.cloemcvi.il.pw.edu.pl\/wp-content\/uploads\/2020\/02\/library.jpg\"><img loading=\"lazy\" decoding=\"async\" class=\"alignnone size-full wp-image-888\" src=\"https:\/\/www.cloemcvi.il.pw.edu.pl\/wp-content\/uploads\/2020\/02\/library.jpg\" alt=\"\" width=\"769\" height=\"229\" srcset=\"https:\/\/www.cloemcvi.il.pw.edu.pl\/wp-content\/uploads\/2020\/02\/library.jpg 769w, https:\/\/www.cloemcvi.il.pw.edu.pl\/wp-content\/uploads\/2020\/02\/library-300x89.jpg 300w\" sizes=\"auto, (max-width: 769px) 100vw, 769px\" \/><\/a><\/p>\n","protected":false},"excerpt":{"rendered":"<p>Projekt CLOEMC VI uzupe\u0142nia poprzednie projekty CLOEMC, podczas kt\u00f3rych powsta\u0142y 32 podr\u0119czniki w kilku j\u0119zykach. Poni\u017cej wypisano tytu\u0142y istniej\u0105cych podr\u0119cznik\u00f3w Biblioteki Mened\u017cera Budowlanego oraz udost\u0119pniono linki do stron internetowych powi\u0105zanych z nimi projekt\u00f3w: &nbsp; CLOEMC I: M1 \u2013 ZARZ\u0104DZANIE PROJEKTEM BUDOWLANYM; M2 \u2013 PARTNERSTWO W BUDOWNICTWIE; M3 \u2013 ZARZ\u0104DZANIE W PRZEDSI\u0118BIORSTWIE BUDOWLANYM; M4 \u2013 ZARZ\u0104DZANIE &hellip; <a href=\"https:\/\/www.cloemcvi.il.pw.edu.pl\/?page_id=116&#038;lang=pl\" class=\"more-link\">Continue reading <span class=\"screen-reader-text\">Biblioteka Mened\u017cera Budowlanego<\/span> <span class=\"meta-nav\">&rarr;<\/span><\/a><\/p>\n","protected":false},"author":1,"featured_media":0,"parent":0,"menu_order":0,"comment_status":"closed","ping_status":"closed","template":"","meta":{"ngg_post_thumbnail":0,"footnotes":""},"class_list":["post-116","page","type-page","status-publish","hentry"],"_links":{"self":[{"href":"https:\/\/www.cloemcvi.il.pw.edu.pl\/index.php?rest_route=\/wp\/v2\/pages\/116","targetHints":{"allow":["GET"]}}],"collection":[{"href":"https:\/\/www.cloemcvi.il.pw.edu.pl\/index.php?rest_route=\/wp\/v2\/pages"}],"about":[{"href":"https:\/\/www.cloemcvi.il.pw.edu.pl\/index.php?rest_route=\/wp\/v2\/types\/page"}],"author":[{"embeddable":true,"href":"https:\/\/www.cloemcvi.il.pw.edu.pl\/index.php?rest_route=\/wp\/v2\/users\/1"}],"replies":[{"embeddable":true,"href":"https:\/\/www.cloemcvi.il.pw.edu.pl\/index.php?rest_route=%2Fwp%2Fv2%2Fcomments&post=116"}],"version-history":[{"count":6,"href":"https:\/\/www.cloemcvi.il.pw.edu.pl\/index.php?rest_route=\/wp\/v2\/pages\/116\/revisions"}],"predecessor-version":[{"id":1833,"href":"https:\/\/www.cloemcvi.il.pw.edu.pl\/index.php?rest_route=\/wp\/v2\/pages\/116\/revisions\/1833"}],"wp:attachment":[{"href":"https:\/\/www.cloemcvi.il.pw.edu.pl\/index.php?rest_route=%2Fwp%2Fv2%2Fmedia&parent=116"}],"curies":[{"name":"wp","href":"https:\/\/api.w.org\/{rel}","templated":true}]}}